{"id":55365,"date":"2024-10-04T12:23:39","date_gmt":"2024-10-04T17:23:39","guid":{"rendered":"https:\/\/castropol.contree.co\/?page_id=55365"},"modified":"2024-11-13T11:58:28","modified_gmt":"2024-11-13T16:58:28","slug":"referidos","status":"publish","type":"page","link":"https:\/\/castropol.contree.co\/en\/referidos\/","title":{"rendered":"Referrals"},"content":{"rendered":"<div data-elementor-type=\"wp-page\" data-elementor-id=\"55365\" class=\"elementor elementor-55365\" data-elementor-post-type=\"page\">\n\t\t\t\t<div class=\"elementor-element elementor-element-c9ac7d6 elementor-hidden-desktop elementor-hidden-tablet e-flex e-con-boxed e-con e-parent\" data-id=\"c9ac7d6\" data-element_type=\"container\">\n\t\t\t\t\t<div class=\"e-con-inner\">\n\t\t\t\t<div class=\"elementor-element elementor-element-560b1fd elementor-widget elementor-widget-image\" data-id=\"560b1fd\" data-element_type=\"widget\" data-widget_type=\"image.default\">\n\t\t\t\t<div class=\"elementor-widget-container\">\n\t\t\t\t\t\t\t\t\t\t\t\t\t\t\t\t<a href=\"#referido\">\n\t\t\t\t\t\t\t<img fetchpriority=\"high\" decoding=\"async\" width=\"800\" height=\"1092\" src=\"https:\/\/castropol.contree.co\/wp-content\/uploads\/2024\/11\/Banner-sitio-web-Referidos-MOBILE.jpg\" class=\"attachment-full size-full wp-image-55406\" alt=\"\" srcset=\"https:\/\/castropol.contree.co\/wp-content\/uploads\/2024\/11\/Banner-sitio-web-Referidos-MOBILE.jpg 800w, https:\/\/castropol.contree.co\/wp-content\/uploads\/2024\/11\/Banner-sitio-web-Referidos-MOBILE-220x300.jpg 220w, https:\/\/castropol.contree.co\/wp-content\/uploads\/2024\/11\/Banner-sitio-web-Referidos-MOBILE-750x1024.jpg 750w, https:\/\/castropol.contree.co\/wp-content\/uploads\/2024\/11\/Banner-sitio-web-Referidos-MOBILE-768x1048.jpg 768w\" sizes=\"(max-width: 800px) 100vw, 800px\" \/>\t\t\t\t\t\t\t\t<\/a>\n\t\t\t\t\t\t\t\t\t\t\t\t\t\t\t<\/div>\n\t\t\t\t<\/div>\n\t\t\t\t\t<\/div>\n\t\t\t\t<\/div>\n\t\t<div class=\"elementor-element elementor-element-de0e461 e-flex e-con-boxed e-con e-parent\" data-id=\"de0e461\" data-element_type=\"container\">\n\t\t\t\t\t<div class=\"e-con-inner\">\n\t\t<div class=\"elementor-element elementor-element-a721c0f e-con-full elementor-hidden-mobile e-flex e-con e-child\" data-id=\"a721c0f\" data-element_type=\"container\">\n\t\t\t\t<div class=\"elementor-element elementor-element-201be2b elementor-widget elementor-widget-image\" data-id=\"201be2b\" data-element_type=\"widget\" data-widget_type=\"image.default\">\n\t\t\t\t<div class=\"elementor-widget-container\">\n\t\t\t\t\t\t\t\t\t\t\t\t\t\t\t<img decoding=\"async\" width=\"800\" height=\"841\" src=\"https:\/\/castropol.contree.co\/wp-content\/uploads\/2024\/11\/Banner-sitio-web-Referidos-WEB-DEsktop-974x1024.jpg\" class=\"attachment-large size-large wp-image-55404\" alt=\"\" srcset=\"https:\/\/castropol.contree.co\/wp-content\/uploads\/2024\/11\/Banner-sitio-web-Referidos-WEB-DEsktop-974x1024.jpg 974w, https:\/\/castropol.contree.co\/wp-content\/uploads\/2024\/11\/Banner-sitio-web-Referidos-WEB-DEsktop-285x300.jpg 285w, https:\/\/castropol.contree.co\/wp-content\/uploads\/2024\/11\/Banner-sitio-web-Referidos-WEB-DEsktop-768x808.jpg 768w, https:\/\/castropol.contree.co\/wp-content\/uploads\/2024\/11\/Banner-sitio-web-Referidos-WEB-DEsktop.jpg 1357w\" sizes=\"(max-width: 800px) 100vw, 800px\" \/>\t\t\t\t\t\t\t\t\t\t\t\t\t\t\t<\/div>\n\t\t\t\t<\/div>\n\t\t\t\t<\/div>\n\t\t<div class=\"elementor-element elementor-element-8508309 e-con-full e-flex e-con e-child\" data-id=\"8508309\" data-element_type=\"container\" id=\"referido\">\n\t\t\t\t<div class=\"elementor-element elementor-element-792e535 elementor-button-align-stretch elementor-widget elementor-widget-form\" data-id=\"792e535\" data-element_type=\"widget\" data-settings=\"{&quot;step_next_label&quot;:&quot;Next&quot;,&quot;step_previous_label&quot;:&quot;Previous&quot;,&quot;button_width&quot;:&quot;100&quot;,&quot;step_type&quot;:&quot;number_text&quot;,&quot;step_icon_shape&quot;:&quot;circle&quot;}\" data-widget_type=\"form.default\">\n\t\t\t\t<div class=\"elementor-widget-container\">\n\t\t\t\t\t\t\t<form class=\"elementor-form\" method=\"post\" name=\"Referido\" aria-label=\"Referral\" action=\"\">\n\t\t\t<input type=\"hidden\" name=\"post_id\" value=\"55365\"\/>\n\t\t\t<input type=\"hidden\" name=\"form_id\" value=\"792e535\"\/>\n\t\t\t<input type=\"hidden\" name=\"referer_title\" value=\"Referidos - Contree Apartamentos\" \/>\n\n\t\t\t\t\t\t\t<input type=\"hidden\" name=\"queried_id\" value=\"55365\"\/>\n\t\t\t\n\t\t\t<div class=\"elementor-form-fields-wrapper elementor-labels-\">\n\t\t\t\t\t\t\t\t<div class=\"elementor-field-type-html elementor-field-group elementor-column elementor-field-group-field_e2fc8db elementor-col-100\">\n\t\t\t\t\t<h2>Referral<\/h2>\t\t\t\t<\/div>\n\t\t\t\t\t\t\t\t<div class=\"elementor-field-type-text elementor-field-group elementor-column elementor-field-group-name elementor-col-100 elementor-field-required\">\n\t\t\t\t\t\t\t\t\t\t\t\t<label for=\"form-field-name\" class=\"elementor-field-label elementor-screen-only\">\n\t\t\t\t\t\t\t\tFull name\t\t\t\t\t\t\t<\/label>\n\t\t\t\t\t\t\t\t\t\t\t\t\t\t<input size=\"1\" type=\"text\" name=\"form_fields[name]\" id=\"form-field-name\" class=\"elementor-field elementor-size-sm  elementor-field-textual\" placeholder=\"Full name\" required=\"required\">\n\t\t\t\t\t\t\t\t\t\t\t<\/div>\n\t\t\t\t\t\t\t\t<div class=\"elementor-field-type-email elementor-field-group elementor-column elementor-field-group-email elementor-col-100 elementor-field-required\">\n\t\t\t\t\t\t\t\t\t\t\t\t<label for=\"form-field-email\" class=\"elementor-field-label elementor-screen-only\">\n\t\t\t\t\t\t\t\tE-Mail\t\t\t\t\t\t\t<\/label>\n\t\t\t\t\t\t\t\t\t\t\t\t\t\t<input size=\"1\" type=\"email\" name=\"form_fields[email]\" id=\"form-field-email\" class=\"elementor-field elementor-size-sm  elementor-field-textual\" placeholder=\"E-Mail\" required=\"required\">\n\t\t\t\t\t\t\t\t\t\t\t<\/div>\n\t\t\t\t\t\t\t\t<div class=\"elementor-field-type-select elementor-field-group elementor-column elementor-field-group-field_cb65ca5 elementor-col-30 elementor-field-required\">\n\t\t\t\t\t\t\t\t\t\t\t\t<label for=\"form-field-field_cb65ca5\" class=\"elementor-field-label elementor-screen-only\">\n\t\t\t\t\t\t\t\tPrefix\t\t\t\t\t\t\t<\/label>\n\t\t\t\t\t\t\t\t<div class=\"elementor-field elementor-select-wrapper remove-before\">\n\t\t\t<div class=\"select-caret-down-wrapper\">\n\t\t\t\t<svg aria-hidden=\"true\" class=\"e-font-icon-svg e-eicon-caret-down\" viewbox=\"0 0 571.4 571.4\" xmlns=\"http:\/\/www.w3.org\/2000\/svg\"><path d=\"M571 393Q571 407 561 418L311 668Q300 679 286 679T261 668L11 418Q0 407 0 393T11 368 36 357H536Q550 357 561 368T571 393Z\"><\/path><\/svg>\t\t\t<\/div>\n\t\t\t<select name=\"form_fields[field_cb65ca5]\" id=\"form-field-field_cb65ca5\" class=\"elementor-field-textual elementor-size-sm\" required=\"required\">\n\t\t\t\t\t\t\t\t\t<option value=\"Prefijo\">Prefix<\/option>\n\t\t\t\t\t\t\t\t\t<option value=\"(+57) Colombia\">(+57) Colombia<\/option>\n\t\t\t\t\t\t\t\t\t<option value=\"(+1) USA y CA\">(+1) USA and CA<\/option>\n\t\t\t\t\t\t\t\t\t<option value=\"(+44) Reino Unido\">(+44) United Kingdom<\/option>\n\t\t\t\t\t\t\t\t\t<option value=\"(+49) Alemania\">(+49) Germany<\/option>\n\t\t\t\t\t\t\t\t\t<option value=\"(+33) Francia\">(+33) France<\/option>\n\t\t\t\t\t\t\t\t\t<option value=\"(+34) Espa\u00f1a\">(+34) Spain<\/option>\n\t\t\t\t\t\t\t\t\t<option value=\"(+39) Italia\">(+39) Italy<\/option>\n\t\t\t\t\t\t\t\t\t<option value=\"(+55) Brasil\">(+55) Brazil<\/option>\n\t\t\t\t\t\t\t\t\t<option value=\"(+81) Jap\u00f3n\">(+81) Japan<\/option>\n\t\t\t\t\t\t\t\t\t<option value=\"(+86) China\">(+86) China<\/option>\n\t\t\t\t\t\t\t\t\t<option value=\"(+91) India\">(+91) India<\/option>\n\t\t\t\t\t\t\t\t\t<option value=\"(+61) Australia\">(+61) Australia<\/option>\n\t\t\t\t\t\t\t\t\t<option value=\"(+64) Nueva Zelanda\">(+64) New Zealand<\/option>\n\t\t\t\t\t\t\t\t\t<option value=\"(+7) Rusia\">(+7) Russia<\/option>\n\t\t\t\t\t\t\t\t\t<option value=\"(+82) Corea del Sur\">(+82) South Korea<\/option>\n\t\t\t\t\t\t\t\t\t<option value=\"(+52) M\u00e9xico\">(+52) Mexico<\/option>\n\t\t\t\t\t\t\t<\/select>\n\t\t<\/div>\n\t\t\t\t\t\t<\/div>\n\t\t\t\t\t\t\t\t<div class=\"elementor-field-type-number elementor-field-group elementor-column elementor-field-group-field_686efab elementor-col-70 elementor-field-required\">\n\t\t\t\t\t\t\t\t\t\t\t\t<label for=\"form-field-field_686efab\" class=\"elementor-field-label elementor-screen-only\">\n\t\t\t\t\t\t\t\tCell\t\t\t\t\t\t\t<\/label>\n\t\t\t\t\t\t\t\t\t<input type=\"number\" name=\"form_fields[field_686efab]\" id=\"form-field-field_686efab\" class=\"elementor-field elementor-size-sm  elementor-field-textual\" placeholder=\"Phone\" required=\"required\" min=\"1\" max=\"\" >\n\t\t\t\t\t\t<\/div>\n\t\t\t\t\t\t\t\t<div class=\"elementor-field-type-select elementor-field-group elementor-column elementor-field-group-field_d1c906c elementor-col-100 elementor-field-required\">\n\t\t\t\t\t\t\t\t\t\t\t\t<label for=\"form-field-field_d1c906c\" class=\"elementor-field-label elementor-screen-only\">\n\t\t\t\t\t\t\t\tProject interested in\t\t\t\t\t\t\t<\/label>\n\t\t\t\t\t\t\t\t<div class=\"elementor-field elementor-select-wrapper remove-before\">\n\t\t\t<div class=\"select-caret-down-wrapper\">\n\t\t\t\t<svg aria-hidden=\"true\" class=\"e-font-icon-svg e-eicon-caret-down\" viewbox=\"0 0 571.4 571.4\" xmlns=\"http:\/\/www.w3.org\/2000\/svg\"><path d=\"M571 393Q571 407 561 418L311 668Q300 679 286 679T261 668L11 418Q0 407 0 393T11 368 36 357H536Q550 357 561 368T571 393Z\"><\/path><\/svg>\t\t\t<\/div>\n\t\t\t<select name=\"form_fields[field_d1c906c]\" id=\"form-field-field_d1c906c\" class=\"elementor-field-textual elementor-size-sm\" required=\"required\">\n\t\t\t\t\t\t\t\t\t<option value=\"Proyecto interesado\">Project interested in<\/option>\n\t\t\t\t\t\t\t\t\t<option value=\"Contree Castropol\">Contree Castropol<\/option>\n\t\t\t\t\t\t\t\t\t<option value=\"Contree palmas \">Contree palms <\/option>\n\t\t\t\t\t\t\t\t\t<option value=\"Rua19\">Rua19<\/option>\n\t\t\t\t\t\t\t\t\t<option value=\"Baena\">Baena<\/option>\n\t\t\t\t\t\t\t\t\t<option value=\"Presti\">Presti<\/option>\n\t\t\t\t\t\t\t\t\t<option value=\"Zanetti \">Zanetti <\/option>\n\t\t\t\t\t\t\t\t\t<option value=\"Menta \">Mint <\/option>\n\t\t\t\t\t\t\t\t\t<option value=\"Bosscatta \">Bosscatta <\/option>\n\t\t\t\t\t\t\t\t\t<option value=\"Poblado salamanca\">Village salamanca<\/option>\n\t\t\t\t\t\t\t\t\t<option value=\"Aqua - Puerto Azul\">Aqua - Blue Port<\/option>\n\t\t\t\t\t\t\t\t\t<option value=\"Primavera verde \">Spring green <\/option>\n\t\t\t\t\t\t\t\t\t<option value=\"Portorosso\">Portorosso<\/option>\n\t\t\t\t\t\t\t\t\t<option value=\"Sunset \">Sunset <\/option>\n\t\t\t\t\t\t\t<\/select>\n\t\t<\/div>\n\t\t\t\t\t\t<\/div>\n\t\t\t\t\t\t\t\t<div class=\"elementor-field-type-textarea elementor-field-group elementor-column elementor-field-group-field_1d3ed2f elementor-col-100\">\n\t\t\t\t\t\t\t\t\t\t\t\t<label for=\"form-field-field_1d3ed2f\" class=\"elementor-field-label elementor-screen-only\">\n\t\t\t\t\t\t\t\tComments\t\t\t\t\t\t\t<\/label>\n\t\t\t\t\t\t<textarea class=\"elementor-field-textual elementor-field  elementor-size-sm\" name=\"form_fields[field_1d3ed2f]\" id=\"form-field-field_1d3ed2f\" rows=\"4\" placeholder=\"Comments\"><\/textarea>\t\t\t\t<\/div>\n\t\t\t\t\t\t\t\t<div class=\"elementor-field-type-html elementor-field-group elementor-column elementor-field-group-field_708ebe3 elementor-col-100\">\n\t\t\t\t\t<h2>Referring doctor<\/h2>\t\t\t\t<\/div>\n\t\t\t\t\t\t\t\t<div class=\"elementor-field-type-text elementor-field-group elementor-column elementor-field-group-field_f709b1c elementor-col-100 elementor-field-required\">\n\t\t\t\t\t\t\t\t\t\t\t\t<label for=\"form-field-field_f709b1c\" class=\"elementor-field-label elementor-screen-only\">\n\t\t\t\t\t\t\t\tName completo2\t\t\t\t\t\t\t<\/label>\n\t\t\t\t\t\t\t\t\t\t\t\t\t\t<input size=\"1\" type=\"text\" name=\"form_fields[field_f709b1c]\" id=\"form-field-field_f709b1c\" class=\"elementor-field elementor-size-sm  elementor-field-textual\" placeholder=\"Full name\" required=\"required\">\n\t\t\t\t\t\t\t\t\t\t\t<\/div>\n\t\t\t\t\t\t\t\t<div class=\"elementor-field-type-email elementor-field-group elementor-column elementor-field-group-field_d4cfd63 elementor-col-100 elementor-field-required\">\n\t\t\t\t\t\t\t\t\t\t\t\t<label for=\"form-field-field_d4cfd63\" class=\"elementor-field-label elementor-screen-only\">\n\t\t\t\t\t\t\t\tE Electr\u00f3nico2\t\t\t\t\t\t\t<\/label>\n\t\t\t\t\t\t\t\t\t\t\t\t\t\t<input size=\"1\" type=\"email\" name=\"form_fields[field_d4cfd63]\" id=\"form-field-field_d4cfd63\" class=\"elementor-field elementor-size-sm  elementor-field-textual\" placeholder=\"E-Mail\" required=\"required\">\n\t\t\t\t\t\t\t\t\t\t\t<\/div>\n\t\t\t\t\t\t\t\t<div class=\"elementor-field-type-select elementor-field-group elementor-column elementor-field-group-field_c7022e1 elementor-col-30\">\n\t\t\t\t\t\t\t\t\t\t\t\t<label for=\"form-field-field_c7022e1\" class=\"elementor-field-label elementor-screen-only\">\n\t\t\t\t\t\t\t\tPrefijo2\t\t\t\t\t\t\t<\/label>\n\t\t\t\t\t\t\t\t<div class=\"elementor-field elementor-select-wrapper remove-before\">\n\t\t\t<div class=\"select-caret-down-wrapper\">\n\t\t\t\t<svg aria-hidden=\"true\" class=\"e-font-icon-svg e-eicon-caret-down\" viewbox=\"0 0 571.4 571.4\" xmlns=\"http:\/\/www.w3.org\/2000\/svg\"><path d=\"M571 393Q571 407 561 418L311 668Q300 679 286 679T261 668L11 418Q0 407 0 393T11 368 36 357H536Q550 357 561 368T571 393Z\"><\/path><\/svg>\t\t\t<\/div>\n\t\t\t<select name=\"form_fields[field_c7022e1]\" id=\"form-field-field_c7022e1\" class=\"elementor-field-textual elementor-size-sm\">\n\t\t\t\t\t\t\t\t\t<option value=\"Prefijo\">Prefix<\/option>\n\t\t\t\t\t\t\t\t\t<option value=\"(+57) Colombia\">(+57) Colombia<\/option>\n\t\t\t\t\t\t\t\t\t<option value=\"(+1) USA y CA\">(+1) USA and CA<\/option>\n\t\t\t\t\t\t\t\t\t<option value=\"(+44) Reino Unido\">(+44) United Kingdom<\/option>\n\t\t\t\t\t\t\t\t\t<option value=\"(+49) Alemania\">(+49) Germany<\/option>\n\t\t\t\t\t\t\t\t\t<option value=\"(+33) Francia\">(+33) France<\/option>\n\t\t\t\t\t\t\t\t\t<option value=\"(+34) Espa\u00f1a\">(+34) Spain<\/option>\n\t\t\t\t\t\t\t\t\t<option value=\"(+39) Italia\">(+39) Italy<\/option>\n\t\t\t\t\t\t\t\t\t<option value=\"(+55) Brasil\">(+55) Brazil<\/option>\n\t\t\t\t\t\t\t\t\t<option value=\"(+81) Jap\u00f3n\">(+81) Japan<\/option>\n\t\t\t\t\t\t\t\t\t<option value=\"(+86) China\">(+86) China<\/option>\n\t\t\t\t\t\t\t\t\t<option value=\"(+91) India\">(+91) India<\/option>\n\t\t\t\t\t\t\t\t\t<option value=\"(+61) Australia\">(+61) Australia<\/option>\n\t\t\t\t\t\t\t\t\t<option value=\"(+64) Nueva Zelanda\">(+64) New Zealand<\/option>\n\t\t\t\t\t\t\t\t\t<option value=\"(+7) Rusia\">(+7) Russia<\/option>\n\t\t\t\t\t\t\t\t\t<option value=\"(+82) Corea del Sur\">(+82) South Korea<\/option>\n\t\t\t\t\t\t\t\t\t<option value=\"(+52) M\u00e9xico\">(+52) Mexico<\/option>\n\t\t\t\t\t\t\t<\/select>\n\t\t<\/div>\n\t\t\t\t\t\t<\/div>\n\t\t\t\t\t\t\t\t<div class=\"elementor-field-type-number elementor-field-group elementor-column elementor-field-group-field_e14a43b elementor-col-70\">\n\t\t\t\t\t\t\t\t\t\t\t\t<label for=\"form-field-field_e14a43b\" class=\"elementor-field-label elementor-screen-only\">\n\t\t\t\t\t\t\t\tCelular2\t\t\t\t\t\t\t<\/label>\n\t\t\t\t\t\t\t\t\t<input type=\"number\" name=\"form_fields[field_e14a43b]\" id=\"form-field-field_e14a43b\" class=\"elementor-field elementor-size-sm  elementor-field-textual\" placeholder=\"Phone\" min=\"1\" max=\"\" >\n\t\t\t\t\t\t<\/div>\n\t\t\t\t\t\t\t\t<div class=\"elementor-field-type-html elementor-field-group elementor-column elementor-field-group-field_8ef4d84 elementor-col-100\">\n\t\t\t\t\tIf you are a customer, leave your comment on which project you purchased\t\t\t\t<\/div>\n\t\t\t\t\t\t\t\t<div class=\"elementor-field-type-textarea elementor-field-group elementor-column elementor-field-group-field_e48150d elementor-col-100\">\n\t\t\t\t\t\t\t\t\t\t\t\t<label for=\"form-field-field_e48150d\" class=\"elementor-field-label elementor-screen-only\">\n\t\t\t\t\t\t\t\tComments\t\t\t\t\t\t\t<\/label>\n\t\t\t\t\t\t<textarea class=\"elementor-field-textual elementor-field  elementor-size-sm\" name=\"form_fields[field_e48150d]\" id=\"form-field-field_e48150d\" rows=\"4\" placeholder=\"Comments\"><\/textarea>\t\t\t\t<\/div>\n\t\t\t\t\t\t\t\t<div class=\"elementor-field-group elementor-column elementor-field-type-submit elementor-col-100 e-form__buttons\">\n\t\t\t\t\t<button class=\"elementor-button elementor-size-sm\" type=\"submit\">\n\t\t\t\t\t\t<span class=\"elementor-button-content-wrapper\">\n\t\t\t\t\t\t\t\t\t\t\t\t\t\t\t\t\t\t\t\t\t\t<span class=\"elementor-button-text\">Send<\/span>\n\t\t\t\t\t\t\t\t\t\t\t\t\t<\/span>\n\t\t\t\t\t<\/button>\n\t\t\t\t<\/div>\n\t\t\t<\/div>\n\t\t<input type=\"hidden\" name=\"trp-form-language\" value=\"en\"\/><\/form>\n\t\t\t\t\t\t<\/div>\n\t\t\t\t<\/div>\n\t\t\t\t<\/div>\n\t\t\t\t\t<\/div>\n\t\t\t\t<\/div>\n\t\t\t\t<\/div>","protected":false},"excerpt":{"rendered":"","protected":false},"author":1,"featured_media":0,"parent":0,"menu_order":0,"comment_status":"closed","ping_status":"closed","template":"","meta":{"_acf_changed":false,"footnotes":""},"class_list":["post-55365","page","type-page","status-publish","hentry"],"acf":[],"yoast_head":"<!-- This site is optimized with the Yoast SEO Premium plugin v23.7 (Yoast SEO v25.7) - https:\/\/yoast.com\/wordpress\/plugins\/seo\/ -->\n<title>Referidos - Contree Apartamentos<\/title>\n<meta name=\"robots\" content=\"index, follow, max-snippet:-1, max-image-preview:large, max-video-preview:-1\" \/>\n<link rel=\"canonical\" href=\"https:\/\/castropol.contree.co\/en\/referidos\/\" \/>\n<meta property=\"og:locale\" content=\"en_US\" \/>\n<meta property=\"og:type\" content=\"article\" \/>\n<meta property=\"og:title\" content=\"Referidos\" \/>\n<meta property=\"og:url\" content=\"https:\/\/castropol.contree.co\/en\/referidos\/\" \/>\n<meta property=\"og:site_name\" content=\"Contree Apartamentos\" \/>\n<meta property=\"article:modified_time\" content=\"2024-11-13T16:58:28+00:00\" \/>\n<meta property=\"og:image\" content=\"https:\/\/castropol.contree.co\/wp-content\/uploads\/2024\/11\/Banner-sitio-web-Referidos-MOBILE.jpg\" \/>\n\t<meta property=\"og:image:width\" content=\"800\" \/>\n\t<meta property=\"og:image:height\" content=\"1092\" \/>\n\t<meta property=\"og:image:type\" content=\"image\/jpeg\" \/>\n<meta name=\"twitter:card\" content=\"summary_large_image\" \/>\n<meta name=\"twitter:label1\" content=\"Est. reading time\" \/>\n\t<meta name=\"twitter:data1\" content=\"1 minute\" \/>\n<script type=\"application\/ld+json\" class=\"yoast-schema-graph\">{\"@context\":\"https:\/\/schema.org\",\"@graph\":[{\"@type\":\"WebPage\",\"@id\":\"https:\/\/castropol.contree.co\/referidos\/\",\"url\":\"https:\/\/castropol.contree.co\/referidos\/\",\"name\":\"Referidos - Contree Apartamentos\",\"isPartOf\":{\"@id\":\"https:\/\/castropol.contree.co\/#website\"},\"primaryImageOfPage\":{\"@id\":\"https:\/\/castropol.contree.co\/referidos\/#primaryimage\"},\"image\":{\"@id\":\"https:\/\/castropol.contree.co\/referidos\/#primaryimage\"},\"thumbnailUrl\":\"https:\/\/castropol.contree.co\/wp-content\/uploads\/2024\/11\/Banner-sitio-web-Referidos-MOBILE.jpg\",\"datePublished\":\"2024-10-04T17:23:39+00:00\",\"dateModified\":\"2024-11-13T16:58:28+00:00\",\"breadcrumb\":{\"@id\":\"https:\/\/castropol.contree.co\/referidos\/#breadcrumb\"},\"inLanguage\":\"en-US\",\"potentialAction\":[{\"@type\":\"ReadAction\",\"target\":[\"https:\/\/castropol.contree.co\/referidos\/\"]}]},{\"@type\":\"ImageObject\",\"inLanguage\":\"en-US\",\"@id\":\"https:\/\/castropol.contree.co\/referidos\/#primaryimage\",\"url\":\"https:\/\/castropol.contree.co\/wp-content\/uploads\/2024\/11\/Banner-sitio-web-Referidos-MOBILE.jpg\",\"contentUrl\":\"https:\/\/castropol.contree.co\/wp-content\/uploads\/2024\/11\/Banner-sitio-web-Referidos-MOBILE.jpg\"},{\"@type\":\"BreadcrumbList\",\"@id\":\"https:\/\/castropol.contree.co\/referidos\/#breadcrumb\",\"itemListElement\":[{\"@type\":\"ListItem\",\"position\":1,\"name\":\"Portada\",\"item\":\"https:\/\/castropol.contree.co\/\"},{\"@type\":\"ListItem\",\"position\":2,\"name\":\"Referidos\"}]},{\"@type\":\"WebSite\",\"@id\":\"https:\/\/castropol.contree.co\/#website\",\"url\":\"https:\/\/castropol.contree.co\/\",\"name\":\"Contree Apartamentos\",\"description\":\"M\u00e1s all\u00e1 de la perfecci\u00f3n\",\"publisher\":{\"@id\":\"https:\/\/castropol.contree.co\/#organization\"},\"potentialAction\":[{\"@type\":\"SearchAction\",\"target\":{\"@type\":\"EntryPoint\",\"urlTemplate\":\"https:\/\/castropol.contree.co\/?s={search_term_string}\"},\"query-input\":{\"@type\":\"PropertyValueSpecification\",\"valueRequired\":true,\"valueName\":\"search_term_string\"}}],\"inLanguage\":\"en-US\"},{\"@type\":\"Organization\",\"@id\":\"https:\/\/castropol.contree.co\/#organization\",\"name\":\"Contree Apartamentos\",\"url\":\"https:\/\/castropol.contree.co\/\",\"logo\":{\"@type\":\"ImageObject\",\"inLanguage\":\"en-US\",\"@id\":\"https:\/\/castropol.contree.co\/#\/schema\/logo\/image\/\",\"url\":\"https:\/\/castropol.contree.co\/wp-content\/uploads\/2022\/08\/Logo_Header-1.png\",\"contentUrl\":\"https:\/\/castropol.contree.co\/wp-content\/uploads\/2022\/08\/Logo_Header-1.png\",\"width\":286,\"height\":89,\"caption\":\"Contree Apartamentos\"},\"image\":{\"@id\":\"https:\/\/castropol.contree.co\/#\/schema\/logo\/image\/\"}}]}<\/script>\n<!-- \/ Yoast SEO Premium plugin. -->","yoast_head_json":{"title":"Referidos - Contree Apartamentos","robots":{"index":"index","follow":"follow","max-snippet":"max-snippet:-1","max-image-preview":"max-image-preview:large","max-video-preview":"max-video-preview:-1"},"canonical":"https:\/\/castropol.contree.co\/en\/referidos\/","og_locale":"en_US","og_type":"article","og_title":"Referidos","og_url":"https:\/\/castropol.contree.co\/en\/referidos\/","og_site_name":"Contree Apartamentos","article_modified_time":"2024-11-13T16:58:28+00:00","og_image":[{"width":800,"height":1092,"url":"https:\/\/castropol.contree.co\/wp-content\/uploads\/2024\/11\/Banner-sitio-web-Referidos-MOBILE.jpg","type":"image\/jpeg"}],"twitter_card":"summary_large_image","twitter_misc":{"Est. reading time":"1 minute"},"schema":{"@context":"https:\/\/schema.org","@graph":[{"@type":"WebPage","@id":"https:\/\/castropol.contree.co\/referidos\/","url":"https:\/\/castropol.contree.co\/referidos\/","name":"Referidos - Contree Apartamentos","isPartOf":{"@id":"https:\/\/castropol.contree.co\/#website"},"primaryImageOfPage":{"@id":"https:\/\/castropol.contree.co\/referidos\/#primaryimage"},"image":{"@id":"https:\/\/castropol.contree.co\/referidos\/#primaryimage"},"thumbnailUrl":"https:\/\/castropol.contree.co\/wp-content\/uploads\/2024\/11\/Banner-sitio-web-Referidos-MOBILE.jpg","datePublished":"2024-10-04T17:23:39+00:00","dateModified":"2024-11-13T16:58:28+00:00","breadcrumb":{"@id":"https:\/\/castropol.contree.co\/referidos\/#breadcrumb"},"inLanguage":"en-US","potentialAction":[{"@type":"ReadAction","target":["https:\/\/castropol.contree.co\/referidos\/"]}]},{"@type":"ImageObject","inLanguage":"en-US","@id":"https:\/\/castropol.contree.co\/referidos\/#primaryimage","url":"https:\/\/castropol.contree.co\/wp-content\/uploads\/2024\/11\/Banner-sitio-web-Referidos-MOBILE.jpg","contentUrl":"https:\/\/castropol.contree.co\/wp-content\/uploads\/2024\/11\/Banner-sitio-web-Referidos-MOBILE.jpg"},{"@type":"BreadcrumbList","@id":"https:\/\/castropol.contree.co\/referidos\/#breadcrumb","itemListElement":[{"@type":"ListItem","position":1,"name":"Portada","item":"https:\/\/castropol.contree.co\/"},{"@type":"ListItem","position":2,"name":"Referidos"}]},{"@type":"WebSite","@id":"https:\/\/castropol.contree.co\/#website","url":"https:\/\/castropol.contree.co\/","name":"Contree Apartamentos","description":"M\u00e1s all\u00e1 de la perfecci\u00f3n","publisher":{"@id":"https:\/\/castropol.contree.co\/#organization"},"potentialAction":[{"@type":"SearchAction","target":{"@type":"EntryPoint","urlTemplate":"https:\/\/castropol.contree.co\/?s={search_term_string}"},"query-input":{"@type":"PropertyValueSpecification","valueRequired":true,"valueName":"search_term_string"}}],"inLanguage":"en-US"},{"@type":"Organization","@id":"https:\/\/castropol.contree.co\/#organization","name":"Contree Apartamentos","url":"https:\/\/castropol.contree.co\/","logo":{"@type":"ImageObject","inLanguage":"en-US","@id":"https:\/\/castropol.contree.co\/#\/schema\/logo\/image\/","url":"https:\/\/castropol.contree.co\/wp-content\/uploads\/2022\/08\/Logo_Header-1.png","contentUrl":"https:\/\/castropol.contree.co\/wp-content\/uploads\/2022\/08\/Logo_Header-1.png","width":286,"height":89,"caption":"Contree Apartamentos"},"image":{"@id":"https:\/\/castropol.contree.co\/#\/schema\/logo\/image\/"}}]}},"_links":{"self":[{"href":"https:\/\/castropol.contree.co\/en\/wp-json\/wp\/v2\/pages\/55365","targetHints":{"allow":["GET"]}}],"collection":[{"href":"https:\/\/castropol.contree.co\/en\/wp-json\/wp\/v2\/pages"}],"about":[{"href":"https:\/\/castropol.contree.co\/en\/wp-json\/wp\/v2\/types\/page"}],"author":[{"embeddable":true,"href":"https:\/\/castropol.contree.co\/en\/wp-json\/wp\/v2\/users\/1"}],"replies":[{"embeddable":true,"href":"https:\/\/castropol.contree.co\/en\/wp-json\/wp\/v2\/comments?post=55365"}],"version-history":[{"count":43,"href":"https:\/\/castropol.contree.co\/en\/wp-json\/wp\/v2\/pages\/55365\/revisions"}],"predecessor-version":[{"id":55444,"href":"https:\/\/castropol.contree.co\/en\/wp-json\/wp\/v2\/pages\/55365\/revisions\/55444"}],"wp:attachment":[{"href":"https:\/\/castropol.contree.co\/en\/wp-json\/wp\/v2\/media?parent=55365"}],"curies":[{"name":"wp","href":"https:\/\/api.w.org\/{rel}","templated":true}]}}