{"id":54975,"date":"2024-08-01T14:31:23","date_gmt":"2024-08-01T19:31:23","guid":{"rendered":"https:\/\/castropol.contree.co\/?page_id=54975"},"modified":"2024-08-27T14:29:17","modified_gmt":"2024-08-27T19:29:17","slug":"actualidad-contree","status":"publish","type":"page","link":"https:\/\/castropol.contree.co\/en\/actualidad-contree\/","title":{"rendered":"Today Contree"},"content":{"rendered":"<div data-elementor-type=\"wp-page\" data-elementor-id=\"54975\" class=\"elementor elementor-54975\" data-elementor-post-type=\"page\">\n\t\t\t\t<div class=\"elementor-element elementor-element-df6c2a7 e-flex e-con-boxed e-con e-parent\" data-id=\"df6c2a7\" data-element_type=\"container\" data-settings=\"{&quot;background_background&quot;:&quot;classic&quot;}\">\n\t\t\t\t\t<div class=\"e-con-inner\">\n\t\t\t\t<div class=\"elementor-element elementor-element-4165acd elementor-widget elementor-widget-elementskit-heading\" data-id=\"4165acd\" data-element_type=\"widget\" data-widget_type=\"elementskit-heading.default\">\n\t\t\t\t<div class=\"elementor-widget-container\">\n\t\t\t\t\t<div class=\"ekit-wid-con\" ><div class=\"ekit-heading elementskit-section-title-wraper text_center   ekit_heading_tablet-   ekit_heading_mobile-\"><h2 class=\"ekit-heading--title elementskit-section-title\">Today <span><span>Contree<\/span><\/span><\/h2><div class=\"ekit_heading_separetor_wraper ekit_heading_elementskit-border-divider elementskit-style-long\"><div class=\"elementskit-border-divider elementskit-style-long\"><\/div><\/div>\t\t\t\t<div class='ekit-heading__description'>\n\t\t\t\t\t<div class=\"page\" title=\"Page 2\">\n<div class=\"section\">\n<div class=\"layoutArea\">\n<div class=\"column\">\n<p>We will be your guide to make informed decisions about your real estate investments. <br \/>Discover all the possibilities of your next new apartment, with the help Contree.<\/p>\n<\/div>\n<\/div>\n<\/div>\n<\/div>\n\t\t\t\t<\/div>\n\t\t\t<\/div><\/div>\t\t\t\t<\/div>\n\t\t\t\t<\/div>\n\t\t\t\t\t<\/div>\n\t\t\t\t<\/div>\n\t\t<div class=\"elementor-element elementor-element-97e08f6 e-flex e-con-boxed e-con e-parent\" data-id=\"97e08f6\" data-element_type=\"container\">\n\t\t\t\t\t<div class=\"e-con-inner\">\n\t\t\t\t<div class=\"elementor-element elementor-element-635d15d elementor-grid-3 elementor-grid-tablet-2 elementor-grid-mobile-1 elementor-widget elementor-widget-loop-grid\" data-id=\"635d15d\" data-element_type=\"widget\" data-settings=\"{&quot;template_id&quot;:55178,&quot;_skin&quot;:&quot;post&quot;,&quot;columns&quot;:&quot;3&quot;,&quot;columns_tablet&quot;:&quot;2&quot;,&quot;columns_mobile&quot;:&quot;1&quot;,&quot;edit_handle_selector&quot;:&quot;[data-elementor-type=\\&quot;loop-item\\&quot;]&quot;,&quot;row_gap&quot;:{&quot;unit&quot;:&quot;px&quot;,&quot;size&quot;:&quot;&quot;,&quot;sizes&quot;:[]},&quot;row_gap_tablet&quot;:{&quot;unit&quot;:&quot;px&quot;,&quot;size&quot;:&quot;&quot;,&quot;sizes&quot;:[]},&quot;row_gap_mobile&quot;:{&quot;unit&quot;:&quot;px&quot;,&quot;size&quot;:&quot;&quot;,&quot;sizes&quot;:[]}}\" data-widget_type=\"loop-grid.post\">\n\t\t\t\t<div class=\"elementor-widget-container\">\n\t\t\t\t\t\t\t<div class=\"elementor-loop-container elementor-grid\" role=\"list\">\n\t\t<style id=\"loop-dynamic-55178\">.e-loop-item-56148 .elementor-element.elementor-element-0259a3e:not(.elementor-motion-effects-element-type-background), .e-loop-item-56148 .elementor-element.elementor-element-0259a3e > .elementor-motion-effects-container > .elementor-motion-effects-layer{background-image:url(\"https:\/\/castropol.contree.co\/wp-content\/uploads\/2024\/08\/ImagenSeccion3-2.png\");}<\/style><style id=\"loop-55178\">.elementor-55178 .elementor-element.elementor-element-0259a3e{--display:flex;--overlay-opacity:0.87;--padding-top:30px;--padding-bottom:30px;--padding-left:30px;--padding-right:30px;}.elementor-55178 .elementor-element.elementor-element-0259a3e::before, .elementor-55178 .elementor-element.elementor-element-0259a3e > .elementor-background-video-container::before, .elementor-55178 .elementor-element.elementor-element-0259a3e > .e-con-inner > .elementor-background-video-container::before, .elementor-55178 .elementor-element.elementor-element-0259a3e > .elementor-background-slideshow::before, .elementor-55178 .elementor-element.elementor-element-0259a3e > .e-con-inner > .elementor-background-slideshow::before, .elementor-55178 .elementor-element.elementor-element-0259a3e > .elementor-motion-effects-container > .elementor-motion-effects-layer::before{background-color:transparent;--background-overlay:'';background-image:linear-gradient(0deg, #02010100 0%, var( --e-global-color-fa0f1f2 ) 80%);}.elementor-55178 .elementor-element.elementor-element-0259a3e:not(.elementor-motion-effects-element-type-background), .elementor-55178 .elementor-element.elementor-element-0259a3e > .elementor-motion-effects-container > .elementor-motion-effects-layer{background-position:center center;background-repeat:no-repeat;background-size:cover;}.elementor-55178 .elementor-element.elementor-element-0259a3e:hover::before, .elementor-55178 .elementor-element.elementor-element-0259a3e:hover > .elementor-background-video-container::before, .elementor-55178 .elementor-element.elementor-element-0259a3e:hover > .e-con-inner > .elementor-background-video-container::before, .elementor-55178 .elementor-element.elementor-element-0259a3e > .elementor-background-slideshow:hover::before, .elementor-55178 .elementor-element.elementor-element-0259a3e > .e-con-inner > .elementor-background-slideshow:hover::before{--background-overlay:'';}.elementor-55178 .elementor-element.elementor-element-0259a3e:hover{--overlay-opacity:0.8;}.elementor-55178 .elementor-element.elementor-element-0259a3e, .elementor-55178 .elementor-element.elementor-element-0259a3e::before{--overlay-transition:0s;}.elementor-55178 .elementor-element.elementor-element-9cac1d1{--display:flex;--min-height:250px;--justify-content:space-between;border-style:solid;--border-style:solid;border-width:0px 0px 0px 2px;--border-top-width:0px;--border-right-width:0px;--border-bottom-width:0px;--border-left-width:2px;border-color:var( --e-global-color-200cf86 );--border-color:var( --e-global-color-200cf86 );--padding-top:0px;--padding-bottom:0px;--padding-left:0px;--padding-right:0px;}.elementor-55178 .elementor-element.elementor-element-8125463{--display:flex;--padding-top:0px;--padding-bottom:0px;--padding-left:0px;--padding-right:0px;}.elementor-widget-heading .elementor-heading-title{font-family:var( --e-global-typography-primary-font-family ), Sans-serif;font-weight:var( --e-global-typography-primary-font-weight );color:var( --e-global-color-primary );}.elementor-55178 .elementor-element.elementor-element-2f79966 > .elementor-widget-container{margin:0px 0px 0px 0px;padding:0px 0px 0px 10px;}.elementor-55178 .elementor-element.elementor-element-2f79966 .elementor-heading-title{font-family:\"Poppins\", Sans-serif;font-size:19px;font-weight:500;line-height:22px;letter-spacing:0px;color:var( --e-global-color-200cf86 );}@media(max-width:1024px){.elementor-55178 .elementor-element.elementor-element-2f79966 .elementor-heading-title{font-size:12px;line-height:18px;}}<\/style>\t\t<div data-elementor-type=\"loop-item\" data-elementor-id=\"55178\" class=\"elementor elementor-55178 e-loop-item e-loop-item-56148 post-56148 post type-post status-publish format-standard has-post-thumbnail hentry category-sin-categoria\" data-elementor-post-type=\"elementor_library\" data-custom-edit-handle=\"1\">\n\t\t\t<div class=\"elementor-element elementor-element-0259a3e e-flex e-con-boxed e-con e-parent\" data-id=\"0259a3e\" data-element_type=\"container\" data-settings=\"{&quot;background_background&quot;:&quot;classic&quot;}\">\n\t\t\t\t\t<div class=\"e-con-inner\">\n\t\t<a class=\"elementor-element elementor-element-9cac1d1 e-flex e-con-boxed e-con e-child\" data-id=\"9cac1d1\" data-element_type=\"container\" href=\"https:\/\/castropol.contree.co\/en\/medellin-el-destino-ideal-para-invertir-en-vivienda-premium-en-el-poblado-y-castropol\/\">\n\t\t\t\t\t<div class=\"e-con-inner\">\n\t\t<div class=\"elementor-element elementor-element-8125463 e-flex e-con-boxed e-con e-child\" data-id=\"8125463\" data-element_type=\"container\">\n\t\t\t\t\t<div class=\"e-con-inner\">\n\t\t\t\t<div class=\"elementor-element elementor-element-2f79966 elementor-widget elementor-widget-heading\" data-id=\"2f79966\" data-element_type=\"widget\" data-widget_type=\"heading.default\">\n\t\t\t\t<div class=\"elementor-widget-container\">\n\t\t\t\t\t<h2 class=\"elementor-heading-title elementor-size-default\">Medell\u00edn: the ideal destination to invest in housing a premium in The Village and Castropol<\/h2>\t\t\t\t<\/div>\n\t\t\t\t<\/div>\n\t\t\t\t\t<\/div>\n\t\t\t\t<\/div>\n\t\t\t\t\t<\/div>\n\t\t\t\t<\/a>\n\t\t\t\t\t<\/div>\n\t\t\t\t<\/div>\n\t\t\t\t<\/div>\n\t\t<style id=\"loop-dynamic-55178\">.e-loop-item-56038 .elementor-element.elementor-element-0259a3e:not(.elementor-motion-effects-element-type-background), .e-loop-item-56038 .elementor-element.elementor-element-0259a3e > .elementor-motion-effects-container > .elementor-motion-effects-layer{background-image:url(\"https:\/\/castropol.contree.co\/wp-content\/uploads\/2025\/06\/blog2img1.png\");}<\/style>\t\t<div data-elementor-type=\"loop-item\" data-elementor-id=\"55178\" class=\"elementor elementor-55178 e-loop-item e-loop-item-56038 post-56038 post type-post status-publish format-standard has-post-thumbnail hentry category-sin-categoria\" data-elementor-post-type=\"elementor_library\" data-custom-edit-handle=\"1\">\n\t\t\t<div class=\"elementor-element elementor-element-0259a3e e-flex e-con-boxed e-con e-parent\" data-id=\"0259a3e\" data-element_type=\"container\" data-settings=\"{&quot;background_background&quot;:&quot;classic&quot;}\">\n\t\t\t\t\t<div class=\"e-con-inner\">\n\t\t<a class=\"elementor-element elementor-element-9cac1d1 e-flex e-con-boxed e-con e-child\" data-id=\"9cac1d1\" data-element_type=\"container\" href=\"https:\/\/castropol.contree.co\/en\/invertir-en-medellin-o-en-el-exterior\/\">\n\t\t\t\t\t<div class=\"e-con-inner\">\n\t\t<div class=\"elementor-element elementor-element-8125463 e-flex e-con-boxed e-con e-child\" data-id=\"8125463\" data-element_type=\"container\">\n\t\t\t\t\t<div class=\"e-con-inner\">\n\t\t\t\t<div class=\"elementor-element elementor-element-2f79966 elementor-widget elementor-widget-heading\" data-id=\"2f79966\" data-element_type=\"widget\" data-widget_type=\"heading.default\">\n\t\t\t\t<div class=\"elementor-widget-container\">\n\t\t\t\t\t<h2 class=\"elementor-heading-title elementor-size-default\">How to invest in Medellin or on the outside?<\/h2>\t\t\t\t<\/div>\n\t\t\t\t<\/div>\n\t\t\t\t\t<\/div>\n\t\t\t\t<\/div>\n\t\t\t\t\t<\/div>\n\t\t\t\t<\/a>\n\t\t\t\t\t<\/div>\n\t\t\t\t<\/div>\n\t\t\t\t<\/div>\n\t\t<style id=\"loop-dynamic-55178\">.e-loop-item-56021 .elementor-element.elementor-element-0259a3e:not(.elementor-motion-effects-element-type-background), .e-loop-item-56021 .elementor-element.elementor-element-0259a3e > .elementor-motion-effects-container > .elementor-motion-effects-layer{background-image:url(\"https:\/\/castropol.contree.co\/wp-content\/uploads\/2025\/06\/CASTROIMG.png\");}<\/style>\t\t<div data-elementor-type=\"loop-item\" data-elementor-id=\"55178\" class=\"elementor elementor-55178 e-loop-item e-loop-item-56021 post-56021 post type-post status-publish format-standard has-post-thumbnail hentry category-sin-categoria\" data-elementor-post-type=\"elementor_library\" data-custom-edit-handle=\"1\">\n\t\t\t<div class=\"elementor-element elementor-element-0259a3e e-flex e-con-boxed e-con e-parent\" data-id=\"0259a3e\" data-element_type=\"container\" data-settings=\"{&quot;background_background&quot;:&quot;classic&quot;}\">\n\t\t\t\t\t<div class=\"e-con-inner\">\n\t\t<a class=\"elementor-element elementor-element-9cac1d1 e-flex e-con-boxed e-con e-child\" data-id=\"9cac1d1\" data-element_type=\"container\" href=\"https:\/\/castropol.contree.co\/en\/el-feng-shui-para-mejorar-el-bienestar-en-el-hogar\/\">\n\t\t\t\t\t<div class=\"e-con-inner\">\n\t\t<div class=\"elementor-element elementor-element-8125463 e-flex e-con-boxed e-con e-child\" data-id=\"8125463\" data-element_type=\"container\">\n\t\t\t\t\t<div class=\"e-con-inner\">\n\t\t\t\t<div class=\"elementor-element elementor-element-2f79966 elementor-widget elementor-widget-heading\" data-id=\"2f79966\" data-element_type=\"widget\" data-widget_type=\"heading.default\">\n\t\t\t\t<div class=\"elementor-widget-container\">\n\t\t\t\t\t<h2 class=\"elementor-heading-title elementor-size-default\">Your house may be your oasis: discover how nature can transform your spaces from the inside<\/h2>\t\t\t\t<\/div>\n\t\t\t\t<\/div>\n\t\t\t\t\t<\/div>\n\t\t\t\t<\/div>\n\t\t\t\t\t<\/div>\n\t\t\t\t<\/a>\n\t\t\t\t\t<\/div>\n\t\t\t\t<\/div>\n\t\t\t\t<\/div>\n\t\t<style id=\"loop-dynamic-55178\">.e-loop-item-55466 .elementor-element.elementor-element-0259a3e:not(.elementor-motion-effects-element-type-background), .e-loop-item-55466 .elementor-element.elementor-element-0259a3e > .elementor-motion-effects-container > .elementor-motion-effects-layer{background-image:url(\"https:\/\/castropol.contree.co\/wp-content\/uploads\/2024\/12\/contreblock.png\");}<\/style>\t\t<div data-elementor-type=\"loop-item\" data-elementor-id=\"55178\" class=\"elementor elementor-55178 e-loop-item e-loop-item-55466 post-55466 post type-post status-publish format-standard has-post-thumbnail hentry category-sin-categoria\" data-elementor-post-type=\"elementor_library\" data-custom-edit-handle=\"1\">\n\t\t\t<div class=\"elementor-element elementor-element-0259a3e e-flex e-con-boxed e-con e-parent\" data-id=\"0259a3e\" data-element_type=\"container\" data-settings=\"{&quot;background_background&quot;:&quot;classic&quot;}\">\n\t\t\t\t\t<div class=\"e-con-inner\">\n\t\t<a class=\"elementor-element elementor-element-9cac1d1 e-flex e-con-boxed e-con e-child\" data-id=\"9cac1d1\" data-element_type=\"container\" href=\"https:\/\/castropol.contree.co\/en\/proyectos-en-el-poblado-viviendas-premium-en-la-mejor-ubicacion-de-medellin\/\">\n\t\t\t\t\t<div class=\"e-con-inner\">\n\t\t<div class=\"elementor-element elementor-element-8125463 e-flex e-con-boxed e-con e-child\" data-id=\"8125463\" data-element_type=\"container\">\n\t\t\t\t\t<div class=\"e-con-inner\">\n\t\t\t\t<div class=\"elementor-element elementor-element-2f79966 elementor-widget elementor-widget-heading\" data-id=\"2f79966\" data-element_type=\"widget\" data-widget_type=\"heading.default\">\n\t\t\t\t<div class=\"elementor-widget-container\">\n\t\t\t\t\t<h2 class=\"elementor-heading-title elementor-size-default\">Projects in The Village: Housing premium in the best location of Medellin<\/h2>\t\t\t\t<\/div>\n\t\t\t\t<\/div>\n\t\t\t\t\t<\/div>\n\t\t\t\t<\/div>\n\t\t\t\t\t<\/div>\n\t\t\t\t<\/a>\n\t\t\t\t\t<\/div>\n\t\t\t\t<\/div>\n\t\t\t\t<\/div>\n\t\t<style id=\"loop-dynamic-55178\">.e-loop-item-55398 .elementor-element.elementor-element-0259a3e:not(.elementor-motion-effects-element-type-background), .e-loop-item-55398 .elementor-element.elementor-element-0259a3e > .elementor-motion-effects-container > .elementor-motion-effects-layer{background-image:url(\"https:\/\/castropol.contree.co\/wp-content\/uploads\/2024\/11\/CLM8548-HDR-2-scaled.jpg\");}<\/style>\t\t<div data-elementor-type=\"loop-item\" data-elementor-id=\"55178\" class=\"elementor elementor-55178 e-loop-item e-loop-item-55398 post-55398 post type-post status-publish format-standard has-post-thumbnail hentry category-sin-categoria\" data-elementor-post-type=\"elementor_library\" data-custom-edit-handle=\"1\">\n\t\t\t<div class=\"elementor-element elementor-element-0259a3e e-flex e-con-boxed e-con e-parent\" data-id=\"0259a3e\" data-element_type=\"container\" data-settings=\"{&quot;background_background&quot;:&quot;classic&quot;}\">\n\t\t\t\t\t<div class=\"e-con-inner\">\n\t\t<a class=\"elementor-element elementor-element-9cac1d1 e-flex e-con-boxed e-con e-child\" data-id=\"9cac1d1\" data-element_type=\"container\" href=\"https:\/\/castropol.contree.co\/en\/descubre-las-ventajas-de-vivir-en-apartamentos-en-el-poblado-medellin\/\">\n\t\t\t\t\t<div class=\"e-con-inner\">\n\t\t<div class=\"elementor-element elementor-element-8125463 e-flex e-con-boxed e-con e-child\" data-id=\"8125463\" data-element_type=\"container\">\n\t\t\t\t\t<div class=\"e-con-inner\">\n\t\t\t\t<div class=\"elementor-element elementor-element-2f79966 elementor-widget elementor-widget-heading\" data-id=\"2f79966\" data-element_type=\"widget\" data-widget_type=\"heading.default\">\n\t\t\t\t<div class=\"elementor-widget-container\">\n\t\t\t\t\t<h2 class=\"elementor-heading-title elementor-size-default\">Discover the Benefits of Living in Apartments in El Poblado, Medellin<\/h2>\t\t\t\t<\/div>\n\t\t\t\t<\/div>\n\t\t\t\t\t<\/div>\n\t\t\t\t<\/div>\n\t\t\t\t\t<\/div>\n\t\t\t\t<\/a>\n\t\t\t\t\t<\/div>\n\t\t\t\t<\/div>\n\t\t\t\t<\/div>\n\t\t<style id=\"loop-dynamic-55178\">.e-loop-item-55382 .elementor-element.elementor-element-0259a3e:not(.elementor-motion-effects-element-type-background), .e-loop-item-55382 .elementor-element.elementor-element-0259a3e > .elementor-motion-effects-container > .elementor-motion-effects-layer{background-image:url(\"https:\/\/castropol.contree.co\/wp-content\/uploads\/2024\/08\/Baner_form.jpeg\");}<\/style>\t\t<div data-elementor-type=\"loop-item\" data-elementor-id=\"55178\" class=\"elementor elementor-55178 e-loop-item e-loop-item-55382 post-55382 post type-post status-publish format-standard has-post-thumbnail hentry category-sin-categoria\" data-elementor-post-type=\"elementor_library\" data-custom-edit-handle=\"1\">\n\t\t\t<div class=\"elementor-element elementor-element-0259a3e e-flex e-con-boxed e-con e-parent\" data-id=\"0259a3e\" data-element_type=\"container\" data-settings=\"{&quot;background_background&quot;:&quot;classic&quot;}\">\n\t\t\t\t\t<div class=\"e-con-inner\">\n\t\t<a class=\"elementor-element elementor-element-9cac1d1 e-flex e-con-boxed e-con e-child\" data-id=\"9cac1d1\" data-element_type=\"container\" href=\"https:\/\/castropol.contree.co\/en\/descubre-por-que-invertir-en-apartamentos-castropol-es-una-gran-oportunidad\/\">\n\t\t\t\t\t<div class=\"e-con-inner\">\n\t\t<div class=\"elementor-element elementor-element-8125463 e-flex e-con-boxed e-con e-child\" data-id=\"8125463\" data-element_type=\"container\">\n\t\t\t\t\t<div class=\"e-con-inner\">\n\t\t\t\t<div class=\"elementor-element elementor-element-2f79966 elementor-widget elementor-widget-heading\" data-id=\"2f79966\" data-element_type=\"widget\" data-widget_type=\"heading.default\">\n\t\t\t\t<div class=\"elementor-widget-container\">\n\t\t\t\t\t<h2 class=\"elementor-heading-title elementor-size-default\">Discover why invest in apartments Castropol is a great opportunity<\/h2>\t\t\t\t<\/div>\n\t\t\t\t<\/div>\n\t\t\t\t\t<\/div>\n\t\t\t\t<\/div>\n\t\t\t\t\t<\/div>\n\t\t\t\t<\/a>\n\t\t\t\t\t<\/div>\n\t\t\t\t<\/div>\n\t\t\t\t<\/div>\n\t\t\t\t<\/div>\n\t\t\n\t\t\t\t\t\t<\/div>\n\t\t\t\t<\/div>\n\t\t\t\t\t<\/div>\n\t\t\t\t<\/div>\n\t\t\t\t<\/div>","protected":false},"excerpt":{"rendered":"<p>Actualidad Contree Seremos tu gui\u0301a a la hora de tomar decisiones informadas sobre tus inversiones inmobiliarias. Descubre todas las posibilidades de tu pro\u0301ximo apartamento nuevo, con la ayuda Contree.<\/p>","protected":false},"author":1,"featured_media":0,"parent":0,"menu_order":0,"comment_status":"closed","ping_status":"closed","template":"elementor_header_footer","meta":{"_acf_changed":false,"footnotes":""},"class_list":["post-54975","page","type-page","status-publish","hentry"],"acf":[],"yoast_head":"<!-- This site is optimized with the Yoast SEO Premium plugin v23.7 (Yoast SEO v25.7) - https:\/\/yoast.com\/wordpress\/plugins\/seo\/ -->\n<title>Actualidad Contree - Contree Apartamentos<\/title>\n<meta name=\"robots\" content=\"index, follow, max-snippet:-1, max-image-preview:large, max-video-preview:-1\" \/>\n<link rel=\"canonical\" href=\"https:\/\/castropol.contree.co\/en\/actualidad-contree\/\" \/>\n<meta property=\"og:locale\" content=\"en_US\" \/>\n<meta property=\"og:type\" content=\"article\" \/>\n<meta property=\"og:title\" content=\"Actualidad Contree\" \/>\n<meta property=\"og:description\" content=\"Actualidad Contree Seremos tu gui\u0301a a la hora de tomar decisiones informadas sobre tus inversiones inmobiliarias. Descubre todas las posibilidades de tu pro\u0301ximo apartamento nuevo, con la ayuda Contree.\" \/>\n<meta property=\"og:url\" content=\"https:\/\/castropol.contree.co\/en\/actualidad-contree\/\" \/>\n<meta property=\"og:site_name\" content=\"Contree Apartamentos\" \/>\n<meta property=\"article:modified_time\" content=\"2024-08-27T19:29:17+00:00\" \/>\n<meta name=\"twitter:card\" content=\"summary_large_image\" \/>\n<meta name=\"twitter:label1\" content=\"Est. reading time\" \/>\n\t<meta name=\"twitter:data1\" content=\"2 minutes\" \/>\n<script type=\"application\/ld+json\" class=\"yoast-schema-graph\">{\"@context\":\"https:\/\/schema.org\",\"@graph\":[{\"@type\":\"WebPage\",\"@id\":\"https:\/\/castropol.contree.co\/actualidad-contree\/\",\"url\":\"https:\/\/castropol.contree.co\/actualidad-contree\/\",\"name\":\"Actualidad Contree - Contree Apartamentos\",\"isPartOf\":{\"@id\":\"https:\/\/castropol.contree.co\/#website\"},\"datePublished\":\"2024-08-01T19:31:23+00:00\",\"dateModified\":\"2024-08-27T19:29:17+00:00\",\"breadcrumb\":{\"@id\":\"https:\/\/castropol.contree.co\/actualidad-contree\/#breadcrumb\"},\"inLanguage\":\"en-US\",\"potentialAction\":[{\"@type\":\"ReadAction\",\"target\":[\"https:\/\/castropol.contree.co\/actualidad-contree\/\"]}]},{\"@type\":\"BreadcrumbList\",\"@id\":\"https:\/\/castropol.contree.co\/actualidad-contree\/#breadcrumb\",\"itemListElement\":[{\"@type\":\"ListItem\",\"position\":1,\"name\":\"Portada\",\"item\":\"https:\/\/castropol.contree.co\/\"},{\"@type\":\"ListItem\",\"position\":2,\"name\":\"Actualidad Contree\"}]},{\"@type\":\"WebSite\",\"@id\":\"https:\/\/castropol.contree.co\/#website\",\"url\":\"https:\/\/castropol.contree.co\/\",\"name\":\"Contree Apartamentos\",\"description\":\"M\u00e1s all\u00e1 de la perfecci\u00f3n\",\"publisher\":{\"@id\":\"https:\/\/castropol.contree.co\/#organization\"},\"potentialAction\":[{\"@type\":\"SearchAction\",\"target\":{\"@type\":\"EntryPoint\",\"urlTemplate\":\"https:\/\/castropol.contree.co\/?s={search_term_string}\"},\"query-input\":{\"@type\":\"PropertyValueSpecification\",\"valueRequired\":true,\"valueName\":\"search_term_string\"}}],\"inLanguage\":\"en-US\"},{\"@type\":\"Organization\",\"@id\":\"https:\/\/castropol.contree.co\/#organization\",\"name\":\"Contree Apartamentos\",\"url\":\"https:\/\/castropol.contree.co\/\",\"logo\":{\"@type\":\"ImageObject\",\"inLanguage\":\"en-US\",\"@id\":\"https:\/\/castropol.contree.co\/#\/schema\/logo\/image\/\",\"url\":\"https:\/\/castropol.contree.co\/wp-content\/uploads\/2022\/08\/Logo_Header-1.png\",\"contentUrl\":\"https:\/\/castropol.contree.co\/wp-content\/uploads\/2022\/08\/Logo_Header-1.png\",\"width\":286,\"height\":89,\"caption\":\"Contree Apartamentos\"},\"image\":{\"@id\":\"https:\/\/castropol.contree.co\/#\/schema\/logo\/image\/\"}}]}<\/script>\n<!-- \/ Yoast SEO Premium plugin. -->","yoast_head_json":{"title":"Actualidad Contree - Contree Apartamentos","robots":{"index":"index","follow":"follow","max-snippet":"max-snippet:-1","max-image-preview":"max-image-preview:large","max-video-preview":"max-video-preview:-1"},"canonical":"https:\/\/castropol.contree.co\/en\/actualidad-contree\/","og_locale":"en_US","og_type":"article","og_title":"Actualidad Contree","og_description":"Actualidad Contree Seremos tu gui\u0301a a la hora de tomar decisiones informadas sobre tus inversiones inmobiliarias. Descubre todas las posibilidades de tu pro\u0301ximo apartamento nuevo, con la ayuda Contree.","og_url":"https:\/\/castropol.contree.co\/en\/actualidad-contree\/","og_site_name":"Contree Apartamentos","article_modified_time":"2024-08-27T19:29:17+00:00","twitter_card":"summary_large_image","twitter_misc":{"Est. reading time":"2 minutes"},"schema":{"@context":"https:\/\/schema.org","@graph":[{"@type":"WebPage","@id":"https:\/\/castropol.contree.co\/actualidad-contree\/","url":"https:\/\/castropol.contree.co\/actualidad-contree\/","name":"Actualidad Contree - Contree Apartamentos","isPartOf":{"@id":"https:\/\/castropol.contree.co\/#website"},"datePublished":"2024-08-01T19:31:23+00:00","dateModified":"2024-08-27T19:29:17+00:00","breadcrumb":{"@id":"https:\/\/castropol.contree.co\/actualidad-contree\/#breadcrumb"},"inLanguage":"en-US","potentialAction":[{"@type":"ReadAction","target":["https:\/\/castropol.contree.co\/actualidad-contree\/"]}]},{"@type":"BreadcrumbList","@id":"https:\/\/castropol.contree.co\/actualidad-contree\/#breadcrumb","itemListElement":[{"@type":"ListItem","position":1,"name":"Portada","item":"https:\/\/castropol.contree.co\/"},{"@type":"ListItem","position":2,"name":"Actualidad Contree"}]},{"@type":"WebSite","@id":"https:\/\/castropol.contree.co\/#website","url":"https:\/\/castropol.contree.co\/","name":"Contree Apartamentos","description":"M\u00e1s all\u00e1 de la perfecci\u00f3n","publisher":{"@id":"https:\/\/castropol.contree.co\/#organization"},"potentialAction":[{"@type":"SearchAction","target":{"@type":"EntryPoint","urlTemplate":"https:\/\/castropol.contree.co\/?s={search_term_string}"},"query-input":{"@type":"PropertyValueSpecification","valueRequired":true,"valueName":"search_term_string"}}],"inLanguage":"en-US"},{"@type":"Organization","@id":"https:\/\/castropol.contree.co\/#organization","name":"Contree Apartamentos","url":"https:\/\/castropol.contree.co\/","logo":{"@type":"ImageObject","inLanguage":"en-US","@id":"https:\/\/castropol.contree.co\/#\/schema\/logo\/image\/","url":"https:\/\/castropol.contree.co\/wp-content\/uploads\/2022\/08\/Logo_Header-1.png","contentUrl":"https:\/\/castropol.contree.co\/wp-content\/uploads\/2022\/08\/Logo_Header-1.png","width":286,"height":89,"caption":"Contree Apartamentos"},"image":{"@id":"https:\/\/castropol.contree.co\/#\/schema\/logo\/image\/"}}]}},"_links":{"self":[{"href":"https:\/\/castropol.contree.co\/en\/wp-json\/wp\/v2\/pages\/54975","targetHints":{"allow":["GET"]}}],"collection":[{"href":"https:\/\/castropol.contree.co\/en\/wp-json\/wp\/v2\/pages"}],"about":[{"href":"https:\/\/castropol.contree.co\/en\/wp-json\/wp\/v2\/types\/page"}],"author":[{"embeddable":true,"href":"https:\/\/castropol.contree.co\/en\/wp-json\/wp\/v2\/users\/1"}],"replies":[{"embeddable":true,"href":"https:\/\/castropol.contree.co\/en\/wp-json\/wp\/v2\/comments?post=54975"}],"version-history":[{"count":40,"href":"https:\/\/castropol.contree.co\/en\/wp-json\/wp\/v2\/pages\/54975\/revisions"}],"predecessor-version":[{"id":55340,"href":"https:\/\/castropol.contree.co\/en\/wp-json\/wp\/v2\/pages\/54975\/revisions\/55340"}],"wp:attachment":[{"href":"https:\/\/castropol.contree.co\/en\/wp-json\/wp\/v2\/media?parent=54975"}],"curies":[{"name":"wp","href":"https:\/\/api.w.org\/{rel}","templated":true}]}}