{"id":54653,"date":"2022-08-19T09:37:04","date_gmt":"2022-08-19T14:37:04","guid":{"rendered":"https:\/\/castropol.contree.co\/?page_id=54653"},"modified":"2024-12-10T23:18:15","modified_gmt":"2024-12-11T04:18:15","slug":"agradecimientos","status":"publish","type":"page","link":"https:\/\/castropol.contree.co\/en\/agradecimientos\/","title":{"rendered":"Agradecimientos"},"content":{"rendered":"<div data-elementor-type=\"wp-page\" data-elementor-id=\"54653\" class=\"elementor elementor-54653\" data-elementor-post-type=\"page\">\n\t\t\t\t<div class=\"elementor-element elementor-element-9432a6e e-flex e-con-boxed e-con e-parent\" data-id=\"9432a6e\" data-element_type=\"container\" data-settings=\"{&quot;background_background&quot;:&quot;classic&quot;}\">\n\t\t\t\t\t<div class=\"e-con-inner\">\n\t\t<div class=\"elementor-element elementor-element-825e147 e-con-full e-flex e-con e-child\" data-id=\"825e147\" data-element_type=\"container\" data-settings=\"{&quot;background_background&quot;:&quot;classic&quot;}\">\n\t\t\t\t<div class=\"elementor-element elementor-element-9fe11f8 elementor-widget elementor-widget-heading\" data-id=\"9fe11f8\" data-element_type=\"widget\" data-widget_type=\"heading.default\">\n\t\t\t\t<div class=\"elementor-widget-container\">\n\t\t\t\t\t<h2 class=\"elementor-heading-title elementor-size-default\">GRACIAS POR COMPARTIRNOS TU INFORMACI\u00d3N\n<\/h2>\t\t\t\t<\/div>\n\t\t\t\t<\/div>\n\t\t\t\t<div class=\"elementor-element elementor-element-493a560 elementor-widget elementor-widget-text-editor\" data-id=\"493a560\" data-element_type=\"widget\" data-widget_type=\"text-editor.default\">\n\t\t\t\t<div class=\"elementor-widget-container\">\n\t\t\t\t\t\t\t\t\t<p>En breve, uno de nuestros asesores se comunicar\u00e1 contigo para llevarte a un proyecto a la altura de tus expectativas.<\/p><p>De momento, visita nuestras redes sociales y conoce m\u00e1s:<\/p>\t\t\t\t\t\t\t\t<\/div>\n\t\t\t\t<\/div>\n\t\t\t\t<div class=\"elementor-element elementor-element-45a62c2 elementor-align-center elementor-icon-list--layout-traditional elementor-list-item-link-full_width elementor-widget elementor-widget-icon-list\" data-id=\"45a62c2\" data-element_type=\"widget\" data-widget_type=\"icon-list.default\">\n\t\t\t\t<div class=\"elementor-widget-container\">\n\t\t\t\t\t\t\t<ul class=\"elementor-icon-list-items\">\n\t\t\t\t\t\t\t<li class=\"elementor-icon-list-item\">\n\t\t\t\t\t\t\t\t\t\t\t<a href=\"https:\/\/www.instagram.com\/contree_apartments\" target=\"_blank\">\n\n\t\t\t\t\t\t\t\t\t\t\t\t<span class=\"elementor-icon-list-icon\">\n\t\t\t\t\t\t\t<svg aria-hidden=\"true\" class=\"e-font-icon-svg e-fab-instagram\" viewbox=\"0 0 448 512\" xmlns=\"http:\/\/www.w3.org\/2000\/svg\"><path d=\"M224.1 141c-63.6 0-114.9 51.3-114.9 114.9s51.3 114.9 114.9 114.9S339 319.5 339 255.9 287.7 141 224.1 141zm0 189.6c-41.1 0-74.7-33.5-74.7-74.7s33.5-74.7 74.7-74.7 74.7 33.5 74.7 74.7-33.6 74.7-74.7 74.7zm146.4-194.3c0 14.9-12 26.8-26.8 26.8-14.9 0-26.8-12-26.8-26.8s12-26.8 26.8-26.8 26.8 12 26.8 26.8zm76.1 27.2c-1.7-35.9-9.9-67.7-36.2-93.9-26.2-26.2-58-34.4-93.9-36.2-37-2.1-147.9-2.1-184.9 0-35.8 1.7-67.6 9.9-93.9 36.1s-34.4 58-36.2 93.9c-2.1 37-2.1 147.9 0 184.9 1.7 35.9 9.9 67.7 36.2 93.9s58 34.4 93.9 36.2c37 2.1 147.9 2.1 184.9 0 35.9-1.7 67.7-9.9 93.9-36.2 26.2-26.2 34.4-58 36.2-93.9 2.1-37 2.1-147.8 0-184.8zM398.8 388c-7.8 19.6-22.9 34.7-42.6 42.6-29.5 11.7-99.5 9-132.1 9s-102.7 2.6-132.1-9c-19.6-7.8-34.7-22.9-42.6-42.6-11.7-29.5-9-99.5-9-132.1s-2.6-102.7 9-132.1c7.8-19.6 22.9-34.7 42.6-42.6 29.5-11.7 99.5-9 132.1-9s102.7-2.6 132.1 9c19.6 7.8 34.7 22.9 42.6 42.6 11.7 29.5 9 99.5 9 132.1s2.7 102.7-9 132.1z\"><\/path><\/svg>\t\t\t\t\t\t<\/span>\n\t\t\t\t\t\t\t\t\t\t<span class=\"elementor-icon-list-text\">@contree_apartments<\/span>\n\t\t\t\t\t\t\t\t\t\t\t<\/a>\n\t\t\t\t\t\t\t\t\t<\/li>\n\t\t\t\t\t\t\t\t<li class=\"elementor-icon-list-item\">\n\t\t\t\t\t\t\t\t\t\t\t<a href=\"https:\/\/castropol.contree.co\/en\">\n\n\t\t\t\t\t\t\t\t\t\t\t\t<span class=\"elementor-icon-list-icon\">\n\t\t\t\t\t\t\t<i aria-hidden=\"true\" class=\"icon icon-home1\"><\/i>\t\t\t\t\t\t<\/span>\n\t\t\t\t\t\t\t\t\t\t<span class=\"elementor-icon-list-text\">Volver<\/span>\n\t\t\t\t\t\t\t\t\t\t\t<\/a>\n\t\t\t\t\t\t\t\t\t<\/li>\n\t\t\t\t\t\t<\/ul>\n\t\t\t\t\t\t<\/div>\n\t\t\t\t<\/div>\n\t\t\t\t<\/div>\n\t\t\t\t\t<\/div>\n\t\t\t\t<\/div>\n\t\t\t\t<\/div>","protected":false},"excerpt":{"rendered":"<p>GRACIAS POR COMPARTIRNOS TU INFORMACI\u00d3N En breve, uno de nuestros asesores se comunicar\u00e1 contigo para llevarte a un proyecto a la altura de tus expectativas. De momento, visita nuestras redes sociales y conoce m\u00e1s: @contree_apartments Volver<\/p>","protected":false},"author":1,"featured_media":0,"parent":0,"menu_order":0,"comment_status":"closed","ping_status":"closed","template":"","meta":{"_acf_changed":false,"footnotes":""},"class_list":["post-54653","page","type-page","status-publish","hentry"],"acf":[],"yoast_head":"<!-- This site is optimized with the Yoast SEO Premium plugin v23.7 (Yoast SEO v25.7) - https:\/\/yoast.com\/wordpress\/plugins\/seo\/ -->\n<title>Agradecimientos - Contree Apartamentos<\/title>\n<meta name=\"robots\" content=\"index, follow, max-snippet:-1, max-image-preview:large, max-video-preview:-1\" \/>\n<link rel=\"canonical\" href=\"https:\/\/castropol.contree.co\/en\/agradecimientos\/\" \/>\n<meta property=\"og:locale\" content=\"en_US\" \/>\n<meta property=\"og:type\" content=\"article\" \/>\n<meta property=\"og:title\" content=\"Agradecimientos\" \/>\n<meta property=\"og:description\" content=\"GRACIAS POR COMPARTIRNOS TU INFORMACI\u00d3N En breve, uno de nuestros asesores se comunicar\u00e1 contigo para llevarte a un proyecto a la altura de tus expectativas. De momento, visita nuestras redes sociales y conoce m\u00e1s: @contree_apartments Volver\" \/>\n<meta property=\"og:url\" content=\"https:\/\/castropol.contree.co\/en\/agradecimientos\/\" \/>\n<meta property=\"og:site_name\" content=\"Contree Apartamentos\" \/>\n<meta property=\"article:modified_time\" content=\"2024-12-11T04:18:15+00:00\" \/>\n<meta name=\"twitter:card\" content=\"summary_large_image\" \/>\n<meta name=\"twitter:label1\" content=\"Est. reading time\" \/>\n\t<meta name=\"twitter:data1\" content=\"1 minute\" \/>\n<script type=\"application\/ld+json\" class=\"yoast-schema-graph\">{\"@context\":\"https:\/\/schema.org\",\"@graph\":[{\"@type\":\"WebPage\",\"@id\":\"https:\/\/castropol.contree.co\/agradecimientos\/\",\"url\":\"https:\/\/castropol.contree.co\/agradecimientos\/\",\"name\":\"Agradecimientos - Contree Apartamentos\",\"isPartOf\":{\"@id\":\"https:\/\/castropol.contree.co\/#website\"},\"datePublished\":\"2022-08-19T14:37:04+00:00\",\"dateModified\":\"2024-12-11T04:18:15+00:00\",\"breadcrumb\":{\"@id\":\"https:\/\/castropol.contree.co\/agradecimientos\/#breadcrumb\"},\"inLanguage\":\"en-US\",\"potentialAction\":[{\"@type\":\"ReadAction\",\"target\":[\"https:\/\/castropol.contree.co\/agradecimientos\/\"]}]},{\"@type\":\"BreadcrumbList\",\"@id\":\"https:\/\/castropol.contree.co\/agradecimientos\/#breadcrumb\",\"itemListElement\":[{\"@type\":\"ListItem\",\"position\":1,\"name\":\"Portada\",\"item\":\"https:\/\/castropol.contree.co\/\"},{\"@type\":\"ListItem\",\"position\":2,\"name\":\"Agradecimientos\"}]},{\"@type\":\"WebSite\",\"@id\":\"https:\/\/castropol.contree.co\/#website\",\"url\":\"https:\/\/castropol.contree.co\/\",\"name\":\"Contree Apartamentos\",\"description\":\"M\u00e1s all\u00e1 de la perfecci\u00f3n\",\"publisher\":{\"@id\":\"https:\/\/castropol.contree.co\/#organization\"},\"potentialAction\":[{\"@type\":\"SearchAction\",\"target\":{\"@type\":\"EntryPoint\",\"urlTemplate\":\"https:\/\/castropol.contree.co\/?s={search_term_string}\"},\"query-input\":{\"@type\":\"PropertyValueSpecification\",\"valueRequired\":true,\"valueName\":\"search_term_string\"}}],\"inLanguage\":\"en-US\"},{\"@type\":\"Organization\",\"@id\":\"https:\/\/castropol.contree.co\/#organization\",\"name\":\"Contree Apartamentos\",\"url\":\"https:\/\/castropol.contree.co\/\",\"logo\":{\"@type\":\"ImageObject\",\"inLanguage\":\"en-US\",\"@id\":\"https:\/\/castropol.contree.co\/#\/schema\/logo\/image\/\",\"url\":\"https:\/\/castropol.contree.co\/wp-content\/uploads\/2022\/08\/Logo_Header-1.png\",\"contentUrl\":\"https:\/\/castropol.contree.co\/wp-content\/uploads\/2022\/08\/Logo_Header-1.png\",\"width\":286,\"height\":89,\"caption\":\"Contree Apartamentos\"},\"image\":{\"@id\":\"https:\/\/castropol.contree.co\/#\/schema\/logo\/image\/\"}}]}<\/script>\n<!-- \/ Yoast SEO Premium plugin. -->","yoast_head_json":{"title":"Agradecimientos - Contree Apartamentos","robots":{"index":"index","follow":"follow","max-snippet":"max-snippet:-1","max-image-preview":"max-image-preview:large","max-video-preview":"max-video-preview:-1"},"canonical":"https:\/\/castropol.contree.co\/en\/agradecimientos\/","og_locale":"en_US","og_type":"article","og_title":"Agradecimientos","og_description":"GRACIAS POR COMPARTIRNOS TU INFORMACI\u00d3N En breve, uno de nuestros asesores se comunicar\u00e1 contigo para llevarte a un proyecto a la altura de tus expectativas. De momento, visita nuestras redes sociales y conoce m\u00e1s: @contree_apartments Volver","og_url":"https:\/\/castropol.contree.co\/en\/agradecimientos\/","og_site_name":"Contree Apartamentos","article_modified_time":"2024-12-11T04:18:15+00:00","twitter_card":"summary_large_image","twitter_misc":{"Est. reading time":"1 minute"},"schema":{"@context":"https:\/\/schema.org","@graph":[{"@type":"WebPage","@id":"https:\/\/castropol.contree.co\/agradecimientos\/","url":"https:\/\/castropol.contree.co\/agradecimientos\/","name":"Agradecimientos - Contree Apartamentos","isPartOf":{"@id":"https:\/\/castropol.contree.co\/#website"},"datePublished":"2022-08-19T14:37:04+00:00","dateModified":"2024-12-11T04:18:15+00:00","breadcrumb":{"@id":"https:\/\/castropol.contree.co\/agradecimientos\/#breadcrumb"},"inLanguage":"en-US","potentialAction":[{"@type":"ReadAction","target":["https:\/\/castropol.contree.co\/agradecimientos\/"]}]},{"@type":"BreadcrumbList","@id":"https:\/\/castropol.contree.co\/agradecimientos\/#breadcrumb","itemListElement":[{"@type":"ListItem","position":1,"name":"Portada","item":"https:\/\/castropol.contree.co\/"},{"@type":"ListItem","position":2,"name":"Agradecimientos"}]},{"@type":"WebSite","@id":"https:\/\/castropol.contree.co\/#website","url":"https:\/\/castropol.contree.co\/","name":"Contree Apartamentos","description":"M\u00e1s all\u00e1 de la perfecci\u00f3n","publisher":{"@id":"https:\/\/castropol.contree.co\/#organization"},"potentialAction":[{"@type":"SearchAction","target":{"@type":"EntryPoint","urlTemplate":"https:\/\/castropol.contree.co\/?s={search_term_string}"},"query-input":{"@type":"PropertyValueSpecification","valueRequired":true,"valueName":"search_term_string"}}],"inLanguage":"en-US"},{"@type":"Organization","@id":"https:\/\/castropol.contree.co\/#organization","name":"Contree Apartamentos","url":"https:\/\/castropol.contree.co\/","logo":{"@type":"ImageObject","inLanguage":"en-US","@id":"https:\/\/castropol.contree.co\/#\/schema\/logo\/image\/","url":"https:\/\/castropol.contree.co\/wp-content\/uploads\/2022\/08\/Logo_Header-1.png","contentUrl":"https:\/\/castropol.contree.co\/wp-content\/uploads\/2022\/08\/Logo_Header-1.png","width":286,"height":89,"caption":"Contree Apartamentos"},"image":{"@id":"https:\/\/castropol.contree.co\/#\/schema\/logo\/image\/"}}]}},"_links":{"self":[{"href":"https:\/\/castropol.contree.co\/en\/wp-json\/wp\/v2\/pages\/54653","targetHints":{"allow":["GET"]}}],"collection":[{"href":"https:\/\/castropol.contree.co\/en\/wp-json\/wp\/v2\/pages"}],"about":[{"href":"https:\/\/castropol.contree.co\/en\/wp-json\/wp\/v2\/types\/page"}],"author":[{"embeddable":true,"href":"https:\/\/castropol.contree.co\/en\/wp-json\/wp\/v2\/users\/1"}],"replies":[{"embeddable":true,"href":"https:\/\/castropol.contree.co\/en\/wp-json\/wp\/v2\/comments?post=54653"}],"version-history":[{"count":11,"href":"https:\/\/castropol.contree.co\/en\/wp-json\/wp\/v2\/pages\/54653\/revisions"}],"predecessor-version":[{"id":55515,"href":"https:\/\/castropol.contree.co\/en\/wp-json\/wp\/v2\/pages\/54653\/revisions\/55515"}],"wp:attachment":[{"href":"https:\/\/castropol.contree.co\/en\/wp-json\/wp\/v2\/media?parent=54653"}],"curies":[{"name":"wp","href":"https:\/\/api.w.org\/{rel}","templated":true}]}}